{"id":9089,"date":"2024-09-12T20:15:32","date_gmt":"2024-09-12T18:15:32","guid":{"rendered":"https:\/\/clementicompany.com\/prodotto\/crosti\/"},"modified":"2024-09-12T20:15:32","modified_gmt":"2024-09-12T18:15:32","slug":"crosti","status":"publish","type":"product","link":"https:\/\/clementicompany.com\/fr\/produits\/crosti\/","title":{"rendered":"Crosti"},"content":{"rendered":"<p>Vuoi stupire tutti con una pizza come se l\u2019avessi ordinata direttamente dalla pizzeria? E senza lasciare il comfort della tua casa?<br \/>\nens\u00e9 pour les amateurs de convivialit\u00e9 et de design, Crosti est l\u2019alli\u00e9 qu\u2019il vous faut.<\/p>\n<ul>\n<li><strong>Facile et rapide \u00e0 utiliser<\/strong><\/li>\n<li>Adapt\u00e9 aux espaces int\u00e9rieurs (cuisine, salle \u00e0 manger) et ext\u00e9rieurs (balcon, terrasse, jardin)<\/li>\n<li><b>Thermom\u00e8tre laser et pelle \u00e0 pizza inclus<\/b><\/li>\n<\/ul>\n<p>Immagina le serate tra amici con il profumo di pizza che si diffonde negli ambienti, il divertimento nell\u2019imparare a stendere la pasta insieme e la soddisfazione nel gustare qualcosa fatto con le tue mani.<\/p>\n<p>Imaginez vos soir\u00e9es entre amis, le parfum de la pizza qui emplit la pi\u00e8ce, le plaisir d\u2019\u00e9taler la p\u00e2te ensemble et la satisfaction de d\u00e9guster une cr\u00e9ation faite maison.  <\/p>\n","protected":false},"excerpt":{"rendered":"<p>Four \u00e0 pizza \u00e9lectrique domestique. Crosti, votre four \u00e0 pizza \u00e9lectrique domestique pour des pizzas parfaites \u2014 et bien plus encore \u2014 quand vous voulez et o\u00f9 vous voulez ! <\/p>\n","protected":false},"featured_media":9091,"template":"","meta":[],"product_brand":[],"product_cat":[345,347],"product_tag":[],"class_list":{"0":"post-9089","1":"product","2":"type-product","3":"status-publish","4":"has-post-thumbnail","6":"product_cat-fours","7":"product_cat-fours-a-pizza","9":"first","10":"outofstock","11":"product-type-variable"},"_links":{"self":[{"href":"https:\/\/clementicompany.com\/fr\/wp-json\/wp\/v2\/product\/9089","targetHints":{"allow":["GET"]}}],"collection":[{"href":"https:\/\/clementicompany.com\/fr\/wp-json\/wp\/v2\/product"}],"about":[{"href":"https:\/\/clementicompany.com\/fr\/wp-json\/wp\/v2\/types\/product"}],"wp:featuredmedia":[{"embeddable":true,"href":"https:\/\/clementicompany.com\/fr\/wp-json\/wp\/v2\/media\/9091"}],"wp:attachment":[{"href":"https:\/\/clementicompany.com\/fr\/wp-json\/wp\/v2\/media?parent=9089"}],"wp:term":[{"taxonomy":"product_brand","embeddable":true,"href":"https:\/\/clementicompany.com\/fr\/wp-json\/wp\/v2\/product_brand?post=9089"},{"taxonomy":"product_cat","embeddable":true,"href":"https:\/\/clementicompany.com\/fr\/wp-json\/wp\/v2\/product_cat?post=9089"},{"taxonomy":"product_tag","embeddable":true,"href":"https:\/\/clementicompany.com\/fr\/wp-json\/wp\/v2\/product_tag?post=9089"}],"curies":[{"name":"wp","href":"https:\/\/api.w.org\/{rel}","templated":true}]}}