{"id":9076,"date":"2025-12-02T15:08:12","date_gmt":"2025-12-02T14:08:12","guid":{"rendered":"https:\/\/clementicompany.com\/prodotto\/remida-plus\/"},"modified":"2025-12-02T15:08:12","modified_gmt":"2025-12-02T14:08:12","slug":"remida-plus","status":"publish","type":"product","link":"https:\/\/clementicompany.com\/fr\/produits\/remida-plus\/","title":{"rendered":"Remida Plus"},"content":{"rendered":"<p>Le four \u00e0 pizza \u00e0 gaz Clementi Remida Plus est \u00e9quip\u00e9 d\u2019un nouveau br\u00fbleur encastr\u00e9, capable de reproduire fid\u00e8lement l\u2019intensit\u00e9 et la dynamique de cuisson d\u2019un four \u00e0 bois, avec toute la simplicit\u00e9 et la rapidit\u00e9 de l\u2019allumage au gaz.<\/p>\n<p>La position du br\u00fbleur permet d\u2019optimiser l\u2019espace de cuisson (70 \u00d7 50 cm) et offre la possibilit\u00e9 de cuire jusqu\u2019\u00e0 2 pizzas simultan\u00e9ment, sans compromis sur la qualit\u00e9.<br \/>\nLa flamme pilote garantit un niveau maximal de s\u00e9curit\u00e9 et une grande facilit\u00e9 d\u2019utilisation. Son fonctionnement intuitif rend le Remida Plus id\u00e9al m\u00eame pour les d\u00e9butants, y compris pour ceux qui n\u2019ont encore jamais sorti leur premi\u00e8re pizza du four.<\/p>\n<p>L\u2019association de la pierre r\u00e9fractaire et de l\u2019isolation en Scamotek permet au four d\u2019atteindre des temp\u00e9ratures \u00e9lev\u00e9es plus rapidement et de les maintenir plus longtemps, pour une cuisson homog\u00e8ne et constante.<\/p>\n<p>Gr\u00e2ce \u00e0 ses dimensions compactes, le Remida Plus s\u2019int\u00e8gre parfaitement dans tout espace ext\u00e9rieur, et se r\u00e9v\u00e8le id\u00e9al pour une installation sur un module de cuisine d\u2019ext\u00e9rieur.<\/p>\n","protected":false},"excerpt":{"rendered":"<p><span data-sheets-root=\"1\">Remida Plus : la derni\u00e8re \u00e9volution Clementi des fours \u00e0 pizza \u00e0 gaz.<\/span><\/p>\n","protected":false},"featured_media":9083,"template":"","meta":[],"product_brand":[],"product_cat":[345,347],"product_tag":[],"class_list":{"0":"post-9076","1":"product","2":"type-product","3":"status-publish","4":"has-post-thumbnail","6":"product_cat-fours","7":"product_cat-fours-a-pizza","9":"first","10":"instock","11":"taxable","12":"shipping-taxable","13":"purchasable","14":"product-type-variable","15":"has-default-attributes"},"_links":{"self":[{"href":"https:\/\/clementicompany.com\/fr\/wp-json\/wp\/v2\/product\/9076","targetHints":{"allow":["GET"]}}],"collection":[{"href":"https:\/\/clementicompany.com\/fr\/wp-json\/wp\/v2\/product"}],"about":[{"href":"https:\/\/clementicompany.com\/fr\/wp-json\/wp\/v2\/types\/product"}],"wp:featuredmedia":[{"embeddable":true,"href":"https:\/\/clementicompany.com\/fr\/wp-json\/wp\/v2\/media\/9083"}],"wp:attachment":[{"href":"https:\/\/clementicompany.com\/fr\/wp-json\/wp\/v2\/media?parent=9076"}],"wp:term":[{"taxonomy":"product_brand","embeddable":true,"href":"https:\/\/clementicompany.com\/fr\/wp-json\/wp\/v2\/product_brand?post=9076"},{"taxonomy":"product_cat","embeddable":true,"href":"https:\/\/clementicompany.com\/fr\/wp-json\/wp\/v2\/product_cat?post=9076"},{"taxonomy":"product_tag","embeddable":true,"href":"https:\/\/clementicompany.com\/fr\/wp-json\/wp\/v2\/product_tag?post=9076"}],"curies":[{"name":"wp","href":"https:\/\/api.w.org\/{rel}","templated":true}]}}