{"id":9529,"date":"2024-07-02T16:10:46","date_gmt":"2024-07-02T14:10:46","guid":{"rendered":"https:\/\/clementicompany.com\/acculeil\/"},"modified":"2026-02-23T09:37:57","modified_gmt":"2026-02-23T08:37:57","slug":"acculeil","status":"publish","type":"page","link":"https:\/\/clementicompany.com\/fr\/","title":{"rendered":"Acculeil"},"content":{"rendered":"<p>Notre mission est de proposer des solutions de cuisson qui permettent de vivre pleinement des moments conviviaux en ext\u00e9rieur, gr\u00e2ce \u00e0 des produits de haute qualit\u00e9, performants, faciles \u00e0 utiliser et \u00e9coresponsables.<\/p>\n","protected":false},"excerpt":{"rendered":"<p>Notre mission est de proposer des solutions de cuisson qui permettent de vivre pleinement des moments conviviaux en ext\u00e9rieur, gr\u00e2ce \u00e0 des produits de haute qualit\u00e9, performants, faciles \u00e0 utiliser et \u00e9coresponsables.<\/p>\n","protected":false},"author":2,"featured_media":9530,"parent":0,"menu_order":0,"comment_status":"closed","ping_status":"closed","template":"","meta":{"footnotes":""},"class_list":["post-9529","page","type-page","status-publish","has-post-thumbnail","hentry"],"_links":{"self":[{"href":"https:\/\/clementicompany.com\/fr\/wp-json\/wp\/v2\/pages\/9529","targetHints":{"allow":["GET"]}}],"collection":[{"href":"https:\/\/clementicompany.com\/fr\/wp-json\/wp\/v2\/pages"}],"about":[{"href":"https:\/\/clementicompany.com\/fr\/wp-json\/wp\/v2\/types\/page"}],"author":[{"embeddable":true,"href":"https:\/\/clementicompany.com\/fr\/wp-json\/wp\/v2\/users\/2"}],"replies":[{"embeddable":true,"href":"https:\/\/clementicompany.com\/fr\/wp-json\/wp\/v2\/comments?post=9529"}],"version-history":[{"count":1,"href":"https:\/\/clementicompany.com\/fr\/wp-json\/wp\/v2\/pages\/9529\/revisions"}],"predecessor-version":[{"id":9535,"href":"https:\/\/clementicompany.com\/fr\/wp-json\/wp\/v2\/pages\/9529\/revisions\/9535"}],"wp:featuredmedia":[{"embeddable":true,"href":"https:\/\/clementicompany.com\/fr\/wp-json\/wp\/v2\/media\/9530"}],"wp:attachment":[{"href":"https:\/\/clementicompany.com\/fr\/wp-json\/wp\/v2\/media?parent=9529"}],"curies":[{"name":"wp","href":"https:\/\/api.w.org\/{rel}","templated":true}]}}