{"id":8994,"date":"2024-07-03T14:44:42","date_gmt":"2024-07-03T12:44:42","guid":{"rendered":"https:\/\/clementicompany.com\/detaillants\/"},"modified":"2024-07-03T14:44:42","modified_gmt":"2024-07-03T12:44:42","slug":"detaillants","status":"publish","type":"page","link":"https:\/\/clementicompany.com\/fr\/detaillants\/","title":{"rendered":"D\u00e9taillants"},"content":{"rendered":"<p>Bienvenue sur la page de contact de Clementi. Nous sommes l\u00e0 pour r\u00e9pondre \u00e0 toutes vos questions concernant nos produits. Que vous souhaitiez acheter, trouver un revendeur, obtenir des informations ou devenir distributeur agr\u00e9\u00e9, il vous suffit de remplir le formulaire ci-dessous. Nous vous r\u00e9pondrons dans les plus brefs d\u00e9lais.  <\/p>\n","protected":false},"excerpt":{"rendered":"<p>Bienvenue sur la page de contact de Clementi. Nous sommes l\u00e0 pour r\u00e9pondre \u00e0 toutes vos questions concernant nos produits. Que vous souhaitiez acheter, trouver un revendeur, obtenir des informations ou devenir distributeur agr\u00e9\u00e9, il vous suffit de remplir le formulaire ci-dessous. Nous vous r\u00e9pondrons dans les plus brefs d\u00e9lais.<\/p>\n","protected":false},"author":2,"featured_media":0,"parent":0,"menu_order":0,"comment_status":"closed","ping_status":"closed","template":"","meta":{"footnotes":""},"class_list":["post-8994","page","type-page","status-publish","hentry"],"_links":{"self":[{"href":"https:\/\/clementicompany.com\/fr\/wp-json\/wp\/v2\/pages\/8994","targetHints":{"allow":["GET"]}}],"collection":[{"href":"https:\/\/clementicompany.com\/fr\/wp-json\/wp\/v2\/pages"}],"about":[{"href":"https:\/\/clementicompany.com\/fr\/wp-json\/wp\/v2\/types\/page"}],"author":[{"embeddable":true,"href":"https:\/\/clementicompany.com\/fr\/wp-json\/wp\/v2\/users\/2"}],"replies":[{"embeddable":true,"href":"https:\/\/clementicompany.com\/fr\/wp-json\/wp\/v2\/comments?post=8994"}],"version-history":[{"count":0,"href":"https:\/\/clementicompany.com\/fr\/wp-json\/wp\/v2\/pages\/8994\/revisions"}],"wp:attachment":[{"href":"https:\/\/clementicompany.com\/fr\/wp-json\/wp\/v2\/media?parent=8994"}],"curies":[{"name":"wp","href":"https:\/\/api.w.org\/{rel}","templated":true}]}}