{"id":8992,"date":"2025-07-14T11:10:45","date_gmt":"2025-07-14T09:10:45","guid":{"rendered":"https:\/\/clementicompany.com\/merci\/"},"modified":"2025-07-14T11:10:45","modified_gmt":"2025-07-14T09:10:45","slug":"merci","status":"publish","type":"page","link":"https:\/\/clementicompany.com\/fr\/merci\/","title":{"rendered":"Merci"},"content":{"rendered":"<p data-start=\"83\" data-end=\"192\">Notre revendeur a bien re\u00e7u votre message et vous r\u00e9pondra dans les plus brefs d\u00e9lais. En attendant, vous pouvez continuer \u00e0 parcourir notre site web pour d\u00e9couvrir d&rsquo;autres produits et services, ou consulter nos pages sur les r\u00e9seaux sociaux pour rester inform\u00e9(e) des actualit\u00e9s et des promotions. <\/p>\n","protected":false},"excerpt":{"rendered":"<p>Notre revendeur a bien re\u00e7u votre message et vous r\u00e9pondra dans les plus brefs d\u00e9lais. En attendant, vous pouvez continuer \u00e0 parcourir notre site web pour d\u00e9couvrir d&rsquo;autres produits et services, ou consulter nos pages sur les r\u00e9seaux sociaux pour rester inform\u00e9(e) des actualit\u00e9s et des promotions.<\/p>\n","protected":false},"author":2,"featured_media":8993,"parent":0,"menu_order":0,"comment_status":"closed","ping_status":"closed","template":"","meta":{"footnotes":""},"class_list":["post-8992","page","type-page","status-publish","has-post-thumbnail","hentry"],"_links":{"self":[{"href":"https:\/\/clementicompany.com\/fr\/wp-json\/wp\/v2\/pages\/8992","targetHints":{"allow":["GET"]}}],"collection":[{"href":"https:\/\/clementicompany.com\/fr\/wp-json\/wp\/v2\/pages"}],"about":[{"href":"https:\/\/clementicompany.com\/fr\/wp-json\/wp\/v2\/types\/page"}],"author":[{"embeddable":true,"href":"https:\/\/clementicompany.com\/fr\/wp-json\/wp\/v2\/users\/2"}],"replies":[{"embeddable":true,"href":"https:\/\/clementicompany.com\/fr\/wp-json\/wp\/v2\/comments?post=8992"}],"version-history":[{"count":0,"href":"https:\/\/clementicompany.com\/fr\/wp-json\/wp\/v2\/pages\/8992\/revisions"}],"wp:featuredmedia":[{"embeddable":true,"href":"https:\/\/clementicompany.com\/fr\/wp-json\/wp\/v2\/media\/8993"}],"wp:attachment":[{"href":"https:\/\/clementicompany.com\/fr\/wp-json\/wp\/v2\/media?parent=8992"}],"curies":[{"name":"wp","href":"https:\/\/api.w.org\/{rel}","templated":true}]}}