{"id":8991,"date":"2025-11-24T09:15:54","date_gmt":"2025-11-24T08:15:54","guid":{"rendered":"https:\/\/clementicompany.com\/reinitialiser-le-mot-de-passe\/"},"modified":"2025-11-24T09:15:54","modified_gmt":"2025-11-24T08:15:54","slug":"reinitialiser-le-mot-de-passe","status":"publish","type":"page","link":"https:\/\/clementicompany.com\/fr\/reinitialiser-le-mot-de-passe\/","title":{"rendered":"R\u00e9initialiser le mot de passe"},"content":{"rendered":"<p>Saisissez l&rsquo;adresse e-mail associ\u00e9e \u00e0 votre compte et nous vous enverrons imm\u00e9diatement un lien pour le r\u00e9initialiser. Si vous ne recevez pas l&rsquo;e-mail dans les minutes qui suivent, v\u00e9rifiez \u00e9galement votre dossier de courriers ind\u00e9sirables. <\/p>\n","protected":false},"excerpt":{"rendered":"<p>Saisissez l&rsquo;adresse e-mail associ\u00e9e \u00e0 votre compte et nous vous enverrons imm\u00e9diatement un lien pour le r\u00e9initialiser. Si vous ne recevez pas l&rsquo;e-mail dans les minutes qui suivent, v\u00e9rifiez \u00e9galement votre dossier de courriers ind\u00e9sirables.<\/p>\n","protected":false},"author":2,"featured_media":0,"parent":0,"menu_order":0,"comment_status":"closed","ping_status":"closed","template":"","meta":{"footnotes":""},"class_list":["post-8991","page","type-page","status-publish","hentry"],"_links":{"self":[{"href":"https:\/\/clementicompany.com\/fr\/wp-json\/wp\/v2\/pages\/8991","targetHints":{"allow":["GET"]}}],"collection":[{"href":"https:\/\/clementicompany.com\/fr\/wp-json\/wp\/v2\/pages"}],"about":[{"href":"https:\/\/clementicompany.com\/fr\/wp-json\/wp\/v2\/types\/page"}],"author":[{"embeddable":true,"href":"https:\/\/clementicompany.com\/fr\/wp-json\/wp\/v2\/users\/2"}],"replies":[{"embeddable":true,"href":"https:\/\/clementicompany.com\/fr\/wp-json\/wp\/v2\/comments?post=8991"}],"version-history":[{"count":0,"href":"https:\/\/clementicompany.com\/fr\/wp-json\/wp\/v2\/pages\/8991\/revisions"}],"wp:attachment":[{"href":"https:\/\/clementicompany.com\/fr\/wp-json\/wp\/v2\/media?parent=8991"}],"curies":[{"name":"wp","href":"https:\/\/api.w.org\/{rel}","templated":true}]}}