{"id":8974,"date":"2024-07-02T16:27:14","date_gmt":"2024-07-02T14:27:14","guid":{"rendered":"https:\/\/clementicompany.com\/entreprise\/"},"modified":"2026-02-17T09:32:28","modified_gmt":"2026-02-17T08:32:28","slug":"entreprise","status":"publish","type":"page","link":"https:\/\/clementicompany.com\/fr\/entreprise\/","title":{"rendered":"Entreprise"},"content":{"rendered":"<p>L\u2019entreprise est n\u00e9e \u00e0 Fabriano, dans la r\u00e9gion des Marches, en 1975, de l\u2019id\u00e9e de son fondateur Clementino Clementi.<\/p>\n<p>Clementi a fait ses premiers pas comme petit atelier artisanal, sp\u00e9cialis\u00e9 dans la fabrication de fours \u00e0 bois de haute qualit\u00e9.<br \/>\nAu fil des ann\u00e9es, l\u2019entreprise a \u00e9largi sa gamme de produits en introduisant des fours \u00e0 pizza, des barbecues et des po\u00eales, tout en conservant son engagement fondamental envers la qualit\u00e9 artisanale.<br \/>L\u2019innovation technologique a \u00e9t\u00e9 int\u00e9gr\u00e9e avec intelligence aux techniques traditionnelles, donnant naissance \u00e0 des produits \u00e0 la pointe de la technologie, mais avec un c\u0153ur authentique. <\/p>\n<p>Tous nos produits refl\u00e8tent depuis toujours les valeurs de l\u2019entreprise :<br \/>artisanat Made in Italy, attention au d\u00e9tail, respect de l\u2019environnement et innovation continue.<\/p>\n","protected":false},"excerpt":{"rendered":"<p>L\u2019entreprise est n\u00e9e \u00e0 Fabriano, dans la r\u00e9gion des Marches, en 1975, de l\u2019id\u00e9e de son fondateur Clementino Clementi. Clementi a fait ses premiers pas comme petit atelier artisanal, sp\u00e9cialis\u00e9 dans la fabrication de fours \u00e0 bois de haute qualit\u00e9. Au fil des ann\u00e9es, l\u2019entreprise a \u00e9largi sa gamme de produits en introduisant des fours [&hellip;]<\/p>\n","protected":false},"author":2,"featured_media":8975,"parent":0,"menu_order":0,"comment_status":"closed","ping_status":"closed","template":"","meta":{"footnotes":""},"class_list":["post-8974","page","type-page","status-publish","has-post-thumbnail","hentry"],"_links":{"self":[{"href":"https:\/\/clementicompany.com\/fr\/wp-json\/wp\/v2\/pages\/8974","targetHints":{"allow":["GET"]}}],"collection":[{"href":"https:\/\/clementicompany.com\/fr\/wp-json\/wp\/v2\/pages"}],"about":[{"href":"https:\/\/clementicompany.com\/fr\/wp-json\/wp\/v2\/types\/page"}],"author":[{"embeddable":true,"href":"https:\/\/clementicompany.com\/fr\/wp-json\/wp\/v2\/users\/2"}],"replies":[{"embeddable":true,"href":"https:\/\/clementicompany.com\/fr\/wp-json\/wp\/v2\/comments?post=8974"}],"version-history":[{"count":1,"href":"https:\/\/clementicompany.com\/fr\/wp-json\/wp\/v2\/pages\/8974\/revisions"}],"predecessor-version":[{"id":8990,"href":"https:\/\/clementicompany.com\/fr\/wp-json\/wp\/v2\/pages\/8974\/revisions\/8990"}],"wp:featuredmedia":[{"embeddable":true,"href":"https:\/\/clementicompany.com\/fr\/wp-json\/wp\/v2\/media\/8975"}],"wp:attachment":[{"href":"https:\/\/clementicompany.com\/fr\/wp-json\/wp\/v2\/media?parent=8974"}],"curies":[{"name":"wp","href":"https:\/\/api.w.org\/{rel}","templated":true}]}}