{"id":8971,"date":"2024-07-03T14:39:35","date_gmt":"2024-07-03T12:39:35","guid":{"rendered":"https:\/\/clementicompany.com\/credits\/"},"modified":"2024-07-03T14:39:35","modified_gmt":"2024-07-03T12:39:35","slug":"credits","status":"publish","type":"page","link":"https:\/\/clementicompany.com\/fr\/credits\/","title":{"rendered":"Credits"},"content":{"rendered":"<p><strong>Studio Be4<\/strong> est le partenaire id\u00e9al pour votre croissance digitale. Gr\u00e2ce \u00e0 des strat\u00e9gies personnalis\u00e9es, nous aidons les entreprises \u00e0 conqu\u00e9rir de nouveaux clients, en ligne comme hors ligne. Faites appel \u00e0 nous et offrez \u00e0 votre entreprise une formidable <strong>opportunit\u00e9 de d\u00e9veloppement<\/strong>.  <\/p>\n","protected":false},"excerpt":{"rendered":"<p>Studio Be4 est le partenaire id\u00e9al pour votre croissance digitale. Gr\u00e2ce \u00e0 des strat\u00e9gies personnalis\u00e9es, nous aidons les entreprises \u00e0 conqu\u00e9rir de nouveaux clients, en ligne comme hors ligne. Faites appel \u00e0 nous et offrez \u00e0 votre entreprise une formidable opportunit\u00e9 de d\u00e9veloppement.<\/p>\n","protected":false},"author":2,"featured_media":8972,"parent":0,"menu_order":0,"comment_status":"closed","ping_status":"closed","template":"","meta":{"footnotes":""},"class_list":["post-8971","page","type-page","status-publish","has-post-thumbnail","hentry"],"_links":{"self":[{"href":"https:\/\/clementicompany.com\/fr\/wp-json\/wp\/v2\/pages\/8971","targetHints":{"allow":["GET"]}}],"collection":[{"href":"https:\/\/clementicompany.com\/fr\/wp-json\/wp\/v2\/pages"}],"about":[{"href":"https:\/\/clementicompany.com\/fr\/wp-json\/wp\/v2\/types\/page"}],"author":[{"embeddable":true,"href":"https:\/\/clementicompany.com\/fr\/wp-json\/wp\/v2\/users\/2"}],"replies":[{"embeddable":true,"href":"https:\/\/clementicompany.com\/fr\/wp-json\/wp\/v2\/comments?post=8971"}],"version-history":[{"count":0,"href":"https:\/\/clementicompany.com\/fr\/wp-json\/wp\/v2\/pages\/8971\/revisions"}],"wp:featuredmedia":[{"embeddable":true,"href":"https:\/\/clementicompany.com\/fr\/wp-json\/wp\/v2\/media\/8972"}],"wp:attachment":[{"href":"https:\/\/clementicompany.com\/fr\/wp-json\/wp\/v2\/media?parent=8971"}],"curies":[{"name":"wp","href":"https:\/\/api.w.org\/{rel}","templated":true}]}}