{"id":8969,"date":"2024-09-18T11:49:45","date_gmt":"2024-09-18T09:49:45","guid":{"rendered":"https:\/\/clementicompany.com\/wishlist\/"},"modified":"2024-09-18T11:49:45","modified_gmt":"2024-09-18T09:49:45","slug":"wishlist","status":"publish","type":"page","link":"https:\/\/clementicompany.com\/fr\/wishlist\/","title":{"rendered":"Wishlist"},"content":{"rendered":"<p>Enregistrez vos produits pr\u00e9f\u00e9r\u00e9s dans la Wishlist Clementi ! Suivez vos fours \u00e0 bois, po\u00eales, barbecues et accessoires pour les acheter plus tard et cr\u00e9er votre cuisine id\u00e9ale. <\/p>\n","protected":false},"excerpt":{"rendered":"<p>Enregistrez vos produits pr\u00e9f\u00e9r\u00e9s dans la Wishlist Clementi ! Suivez vos fours \u00e0 bois, po\u00eales, barbecues et accessoires pour les acheter plus tard et cr\u00e9er votre cuisine id\u00e9ale.<\/p>\n","protected":false},"author":2,"featured_media":0,"parent":0,"menu_order":0,"comment_status":"closed","ping_status":"closed","template":"","meta":{"footnotes":""},"class_list":["post-8969","page","type-page","status-publish","hentry"],"_links":{"self":[{"href":"https:\/\/clementicompany.com\/fr\/wp-json\/wp\/v2\/pages\/8969","targetHints":{"allow":["GET"]}}],"collection":[{"href":"https:\/\/clementicompany.com\/fr\/wp-json\/wp\/v2\/pages"}],"about":[{"href":"https:\/\/clementicompany.com\/fr\/wp-json\/wp\/v2\/types\/page"}],"author":[{"embeddable":true,"href":"https:\/\/clementicompany.com\/fr\/wp-json\/wp\/v2\/users\/2"}],"replies":[{"embeddable":true,"href":"https:\/\/clementicompany.com\/fr\/wp-json\/wp\/v2\/comments?post=8969"}],"version-history":[{"count":0,"href":"https:\/\/clementicompany.com\/fr\/wp-json\/wp\/v2\/pages\/8969\/revisions"}],"wp:attachment":[{"href":"https:\/\/clementicompany.com\/fr\/wp-json\/wp\/v2\/media?parent=8969"}],"curies":[{"name":"wp","href":"https:\/\/api.w.org\/{rel}","templated":true}]}}