{"id":8957,"date":"2024-07-02T16:29:19","date_gmt":"2024-07-02T14:29:19","guid":{"rendered":"https:\/\/clementicompany.com\/contacts\/"},"modified":"2024-07-02T16:29:19","modified_gmt":"2024-07-02T14:29:19","slug":"contacts","status":"publish","type":"page","link":"https:\/\/clementicompany.com\/fr\/contacts\/","title":{"rendered":"Contacts"},"content":{"rendered":"<p>Pour toute information ou demande, n\u2019h\u00e9sitez pas \u00e0 nous contacter ! Nous sommes \u00e0 votre disposition pour vous accompagner et r\u00e9pondre \u00e0 tous vos besoins. Vous pouvez nous joindre par t\u00e9l\u00e9phone, par e-mail ou en remplissant le formulaire de contact ci-dessous. Notre \u00e9quipe vous r\u00e9pondra dans les plus brefs d\u00e9lais afin de vous offrir l\u2019assistance n\u00e9cessaire.   <\/p>\n","protected":false},"excerpt":{"rendered":"<p>Pour toute information ou demande, n\u2019h\u00e9sitez pas \u00e0 nous contacter ! Nous sommes \u00e0 votre disposition pour vous accompagner et r\u00e9pondre \u00e0 tous vos besoins. Vous pouvez nous joindre par t\u00e9l\u00e9phone, par e-mail ou en remplissant le formulaire de contact ci-dessous. Notre \u00e9quipe vous r\u00e9pondra dans les plus brefs d\u00e9lais afin de vous offrir l\u2019assistance [&hellip;]<\/p>\n","protected":false},"author":2,"featured_media":8959,"parent":0,"menu_order":0,"comment_status":"closed","ping_status":"closed","template":"","meta":{"footnotes":""},"class_list":["post-8957","page","type-page","status-publish","has-post-thumbnail","hentry"],"_links":{"self":[{"href":"https:\/\/clementicompany.com\/fr\/wp-json\/wp\/v2\/pages\/8957","targetHints":{"allow":["GET"]}}],"collection":[{"href":"https:\/\/clementicompany.com\/fr\/wp-json\/wp\/v2\/pages"}],"about":[{"href":"https:\/\/clementicompany.com\/fr\/wp-json\/wp\/v2\/types\/page"}],"author":[{"embeddable":true,"href":"https:\/\/clementicompany.com\/fr\/wp-json\/wp\/v2\/users\/2"}],"replies":[{"embeddable":true,"href":"https:\/\/clementicompany.com\/fr\/wp-json\/wp\/v2\/comments?post=8957"}],"version-history":[{"count":0,"href":"https:\/\/clementicompany.com\/fr\/wp-json\/wp\/v2\/pages\/8957\/revisions"}],"wp:featuredmedia":[{"embeddable":true,"href":"https:\/\/clementicompany.com\/fr\/wp-json\/wp\/v2\/media\/8959"}],"wp:attachment":[{"href":"https:\/\/clementicompany.com\/fr\/wp-json\/wp\/v2\/media?parent=8957"}],"curies":[{"name":"wp","href":"https:\/\/api.w.org\/{rel}","templated":true}]}}